{"id":58,"date":"2025-05-01T19:24:47","date_gmt":"2025-05-01T19:24:47","guid":{"rendered":"https:\/\/mom4kids.ro\/?page_id=58"},"modified":"2025-05-01T19:38:48","modified_gmt":"2025-05-01T19:38:48","slug":"eu-momy","status":"publish","type":"page","link":"https:\/\/mom4kids.ro\/?page_id=58","title":{"rendered":"Eu, Momy"},"content":{"rendered":"\n<p>Bun\u0103! Sunt Momy (a\u0219a \u00eemi spune cea mai important\u0103 fiin\u021b\u0103 din via\u021ba mea), iar \u00een \u201elumea mare\u201d sunt frontend developer cu 8 ani de experien\u021b\u0103 \u0219i o pasiune sincer\u0103 pentru tot ce \u00eenseamn\u0103 web. Codul, solu\u021biile creative \u0219i un pic de magie (asta spun unii clienti ca fac, magie \u2728 ) m\u0103 fac s\u0103 m\u0103 simt \u00een elementul meu. <\/p>\n\n\n\n<p>\u00cen rest?<\/p>\n\n\n\n<blockquote class=\"wp-block-quote is-layout-flow wp-block-quote-is-layout-flow\">\n<p>C\u00e2nd nu sunt cu ochii \u00een cod, sunt cu m\u00e2inile \u00een f\u0103in\u0103. \u00cemi place s\u0103 g\u0103tesc, s\u0103 testez idei noi \u0219i s\u0103 inventez re\u021bete \u0219i pr\u0103jituri, toate \u00eenso\u021bite de r\u00e2sete \u0219i joac\u0103 al\u0103turi de feti\u021ba mea. Timpul meu liber este limitat, dar \u00eemi place s\u0103-l umplu cu activit\u0103\u021bi care m\u0103 fac s\u0103 m\u0103 simt bine \u0219i m\u0103 bucur\u0103 cu adev\u0103rat.<\/p>\n<\/blockquote>\n\n\n\n<blockquote class=\"wp-block-quote is-layout-flow wp-block-quote-is-layout-flow\">\n<p>Am \u00eenceput acest blog pentru c\u0103 \u00eemi place s\u0103 scriu, si pentru ca aveam o muza noua, care atuci era micuta. Intre timp am pierdut domeniul dar am resit sa il recperez s acum o sa incerc sa scriu din nou macar o dta pe saptamana . <\/p>\n<\/blockquote>\n\n\n\n<p>\u0218i-ar mai fi multe de spus\u2026 dar las restul s\u0103 se descopere \u00een post\u0103rile viitoare. Sper s\u0103 g\u0103se\u0219ti ceva care s\u0103 te inspire, s\u0103 te fac\u0103 s\u0103 z\u00e2mbe\u0219ti sau poate doar s\u0103 te aduc\u0103 \u00eenapoi pe acest col\u021b de internet, exact a\u0219a cum sunt eu.<br><\/p>\n\n\n\n<p>Va doresc zile magice ! \u2728<\/p>\n","protected":false},"excerpt":{"rendered":"<p>Bun\u0103! Sunt Momy (a\u0219a \u00eemi spune cea mai important\u0103 fiin\u021b\u0103 din via\u021ba mea), iar \u00een \u201elumea mare\u201d sunt frontend developer cu 8 ani de experien\u021b\u0103 \u0219i o pasiune sincer\u0103 pentru tot ce \u00eenseamn\u0103 web. Codul, solu\u021biile creative \u0219i un pic de magie (asta spun unii clienti ca fac, magie \u2728 ) m\u0103 fac s\u0103 m\u0103 [&hellip;]<\/p>\n","protected":false},"author":1,"featured_media":43,"parent":0,"menu_order":0,"comment_status":"closed","ping_status":"closed","template":"","meta":{"footnotes":""},"class_list":["post-58","page","type-page","status-publish","has-post-thumbnail","hentry"],"_links":{"self":[{"href":"https:\/\/mom4kids.ro\/index.php?rest_route=\/wp\/v2\/pages\/58","targetHints":{"allow":["GET"]}}],"collection":[{"href":"https:\/\/mom4kids.ro\/index.php?rest_route=\/wp\/v2\/pages"}],"about":[{"href":"https:\/\/mom4kids.ro\/index.php?rest_route=\/wp\/v2\/types\/page"}],"author":[{"embeddable":true,"href":"https:\/\/mom4kids.ro\/index.php?rest_route=\/wp\/v2\/users\/1"}],"replies":[{"embeddable":true,"href":"https:\/\/mom4kids.ro\/index.php?rest_route=%2Fwp%2Fv2%2Fcomments&post=58"}],"version-history":[{"count":2,"href":"https:\/\/mom4kids.ro\/index.php?rest_route=\/wp\/v2\/pages\/58\/revisions"}],"predecessor-version":[{"id":62,"href":"https:\/\/mom4kids.ro\/index.php?rest_route=\/wp\/v2\/pages\/58\/revisions\/62"}],"wp:featuredmedia":[{"embeddable":true,"href":"https:\/\/mom4kids.ro\/index.php?rest_route=\/wp\/v2\/media\/43"}],"wp:attachment":[{"href":"https:\/\/mom4kids.ro\/index.php?rest_route=%2Fwp%2Fv2%2Fmedia&parent=58"}],"curies":[{"name":"wp","href":"https:\/\/api.w.org\/{rel}","templated":true}]}}