{"id":2,"date":"2025-04-29T09:47:55","date_gmt":"2025-04-29T09:47:55","guid":{"rendered":"http:\/\/mom4kids.ro\/?page_id=2"},"modified":"2025-05-01T19:13:55","modified_gmt":"2025-05-01T19:13:55","slug":"sample-page","status":"publish","type":"page","link":"https:\/\/mom4kids.ro\/?page_id=2","title":{"rendered":"Momy &amp; Diana"},"content":{"rendered":"\n<p>Momy \u0219i Diana<\/p>\n\n\n\n<p>Exist\u0103 un tip special de magie \u00een leg\u0103tura dintre o mam\u0103 \u0219i fiica ei, iar Momy \u0219i Diana o poart\u0103 \u00een fiecare privire, fiecare r\u00e2s \u0219i fiecare moment de lini\u0219te. Fie c\u0103 fac pr\u0103jituri \u00eentr-o dup\u0103-amiaz\u0103 ploioas\u0103 sau danseaz\u0103 descul\u021be prin sufragerie, zilele lor sunt pline de dragoste, ghidu\u0219ii \u0219i c\u0103ldur\u0103.<\/p>\n\n\n\n<blockquote class=\"wp-block-quote is-layout-flow wp-block-quote-is-layout-flow\">\n<p>Momy \u0219i Diana sunt duo-ul perfect \u2014 pu\u021bin alint, pu\u021bin haos. R\u00e2d cu poft\u0103, se \u00eembr\u0103\u021bi\u0219eaz\u0103 str\u00e2ns \u0219i g\u0103sesc mereu timp pentru \u00eenc\u0103 o pr\u0103jituric\u0103 (chiar dac\u0103 e ora de culcare). Via\u021ba cu ele? Un pic dezordonat\u0103, plin\u0103 de iubire \u0219i niciodat\u0103 plictisitoare.<\/p>\n<\/blockquote>\n\n\n\n<p>Povestea lor nu e despre aventuri m\u0103re\u021be \u2014 ci despre micile lucruri care conteaz\u0103 cel mai mult. Iar acele lucruri m\u0103runte? Sunt totul.<\/p>\n","protected":false},"excerpt":{"rendered":"<p>Momy \u0219i Diana Exist\u0103 un tip special de magie \u00een leg\u0103tura dintre o mam\u0103 \u0219i fiica ei, iar Momy \u0219i Diana o poart\u0103 \u00een fiecare privire, fiecare r\u00e2s \u0219i fiecare moment de lini\u0219te. Fie c\u0103 fac pr\u0103jituri \u00eentr-o dup\u0103-amiaz\u0103 ploioas\u0103 sau danseaz\u0103 descul\u021be prin sufragerie, zilele lor sunt pline de dragoste, ghidu\u0219ii \u0219i c\u0103ldur\u0103. Momy [&hellip;]<\/p>\n","protected":false},"author":1,"featured_media":45,"parent":0,"menu_order":0,"comment_status":"closed","ping_status":"open","template":"","meta":{"footnotes":""},"class_list":["post-2","page","type-page","status-publish","has-post-thumbnail","hentry"],"_links":{"self":[{"href":"https:\/\/mom4kids.ro\/index.php?rest_route=\/wp\/v2\/pages\/2","targetHints":{"allow":["GET"]}}],"collection":[{"href":"https:\/\/mom4kids.ro\/index.php?rest_route=\/wp\/v2\/pages"}],"about":[{"href":"https:\/\/mom4kids.ro\/index.php?rest_route=\/wp\/v2\/types\/page"}],"author":[{"embeddable":true,"href":"https:\/\/mom4kids.ro\/index.php?rest_route=\/wp\/v2\/users\/1"}],"replies":[{"embeddable":true,"href":"https:\/\/mom4kids.ro\/index.php?rest_route=%2Fwp%2Fv2%2Fcomments&post=2"}],"version-history":[{"count":1,"href":"https:\/\/mom4kids.ro\/index.php?rest_route=\/wp\/v2\/pages\/2\/revisions"}],"predecessor-version":[{"id":56,"href":"https:\/\/mom4kids.ro\/index.php?rest_route=\/wp\/v2\/pages\/2\/revisions\/56"}],"wp:featuredmedia":[{"embeddable":true,"href":"https:\/\/mom4kids.ro\/index.php?rest_route=\/wp\/v2\/media\/45"}],"wp:attachment":[{"href":"https:\/\/mom4kids.ro\/index.php?rest_route=%2Fwp%2Fv2%2Fmedia&parent=2"}],"curies":[{"name":"wp","href":"https:\/\/api.w.org\/{rel}","templated":true}]}}